


{"id":2862,"date":"2018-04-07T00:58:40","date_gmt":"2018-04-06T22:58:40","guid":{"rendered":"http:\/\/lentesdiverxentes.com\/?page_id=2862"},"modified":"2018-05-18T12:39:08","modified_gmt":"2018-05-18T10:39:08","slug":"inicio2one","status":"publish","type":"page","link":"http:\/\/lentesdiverxentes.com\/","title":{"rendered":"Inicio"},"content":{"rendered":"<section  id=\"inicio\" class=\"content-section full-width is-fluid cover rella-no-padding rella-no-margin    content-section-69d1de20849d1\"><div class=\"row vc_row-fluid\"><div class=\"wpb_column col-md-12\"><section  class=\"home-section bg-dark-alfa-50 bg-pattern-over\"  data-background=http:\/\/lentesdiverxentes.com\/wp-content\/uploads\/2018\/05\/frame_header_web_bw.jpeg id=\"home\"><div class=\"js-height-full container\"><div class=\"bg-video-wrapper\"data-poster=\"http:\/\/lentesdiverxentes.com\/wp-content\/uploads\/2018\/05\/frame_header_web_bw\"data-mp4=\"\/wp-content\/uploads\/2018\/04\/Cabeceira-web_reduced05\"data-ogv=\"\"data-webm=\"\"data-poster-type=\"jpeg\"data-muted=\"true\"data-autoplay=\"true\"><div class=\"bg-video-overlay bg-dark-alfa-50\"><\/div><\/div><div class=\"home-content\"><div class=\"home-text\"><h1 class=\"hs-line-8 no-transp font-alt mb-50 mb-xs-30\" style=\"color:#ffffff;\">Colectivo Audiovisual<\/h1><h2 class=\"hs-line-12 font-alt mb-50 mb-xs-30\" style=\"color:#ffffff;\">LENTES DIVERXENTES<\/h2><div class=\"local-scroll\"><span class=\"hidden-xs\">&nbsp;&nbsp;<\/span><a href=\"#sobre-nos\" title=\"button\" target=\"_self\" class=\"btn btn-mod btn-border-w btn-medium btn-circle \">SABER M\u00c1IS <\/a><\/div><\/div><\/div><\/div><\/section><\/div><\/div><\/section><section  id=\"sobre-nos\" class=\"content-section full-width with-col cover pt-140 pb-140 pt-xs-70 pb-xs-70 rella-no-margin    content-section-69d1de2084e91\"><div class=\"row vc_row-fluid\"><div class=\"wpb_column col-md-12\"><h2  class=\"section-title  mb-70 mb-sm-40 font-alt align-center\" >Sobre n\u00f3s<a href=\"http:\/\/lentesdiverxentes.com\/index.php\/sobre-nos\/\" title=\"button\" target=\"_self\" class=\"section-more right right-title-custom-69d1de208503e\">Saber m\u00e1is<i class=\"fa fa-angle-right\"><\/i><\/a><\/h2><\/div><div class=\"wpb_column col-md-4\"><blockquote class=\"mb-0 \" ><div ><p><span id=\":124.co\" class=\"tL8wMe EMoHub\" dir=\"ltr\">Moita xente mi\u00fada en lugares pequenos facendo cousas pequenas pode cambiar o mundo<\/span><\/p>\n<\/div><footer >Eduardo Galeano<\/footer><\/blockquote><\/div><div class=\"wpb_column col-md-4\"><div class=\"section-text text-block \" ><p>Somos un colectivo audiovisual sen \u00e1nimo de lucro centrados na elaboraci\u00f3n de proxectos documentais que contrib\u00faan \u00e1 divulgaci\u00f3n dos conflitos sociais da nosa contorna, \u00e1 difusi\u00f3n do noso patrimonio cultural, material e inmaterial, e \u00e1 defensa do medio en que vivimos.<\/p>\n<\/div><\/div><div class=\"wpb_column col-md-4\"><div class=\"section-text text-block \" ><p>Cremos que o prop\u00f3sito da comunicaci\u00f3n social debe ser transformar o mundo e contribu\u00edr ao cambio cara a unha sociedade m\u00e1is xusta e igualitaria. Buscamos ser un altofalante da cidadan\u00eda invisible do pa\u00eds que precisa verse dignificada e e ser parte activa desta sociedade.<\/p>\n<\/div><\/div><div class=\"wpb_column col-md-12 wow fadeInUp\" data-wow-delay=\".3s\"><div  class=\"clear rs-space\" style=\"height:32px;\"><\/div><\/div><\/div><\/section><section  class=\"content-section full-width with-col cover rella-no-padding rella-no-margin    content-section-69d1de2085326\"><div class=\"row vc_row-fluid\"><div class=\"wpb_column col-md-3\">\n<div  class=\"team-item  wow fadeInUp\" data-wow-delay=\".4s\">\n        <div class=\"team-item-image\">\n      <img loading=\"lazy\" decoding=\"async\" width=\"360\" height=\"438\" src=\"http:\/\/lentesdiverxentes.com\/wp-content\/uploads\/2018\/04\/foto_fran-360x438.jpg\" class=\"attachment-ts-vertical size-ts-vertical wp-post-image\" alt=\"\" \/>        <div class=\"team-item-detail\">\n\n            <h4 class=\"font-alt normal\"><\/h4>\n\n            \n                        <div class=\"team-social-links\">\n                                  <a href=\"https:\/\/www.facebook.com\/fran.pineiro.543\" target=\"_blank\"><i class=\"fa fa-facebook\"><\/i><\/a>\n                                                            <\/div>\n            \n        <\/div>\n    <\/div>\n    \n    <div class=\"team-item-descr font-alt\">\n\n        <div class=\"team-item-name\">\n            Fran Pi\u00f1eiro        <\/div>\n\n        <div class=\"team-item-role\">\n            Imaxe        <\/div>\n\n    <\/div>\n  <\/div>\n\n\n  <\/div><div class=\"wpb_column col-md-3\">\n<div  class=\"team-item  wow fadeInUp\" data-wow-delay=\".4s\">\n        <div class=\"team-item-image\">\n      <img loading=\"lazy\" decoding=\"async\" width=\"360\" height=\"438\" src=\"http:\/\/lentesdiverxentes.com\/wp-content\/uploads\/2018\/04\/foto_susana-360x438.jpg\" class=\"attachment-ts-vertical size-ts-vertical wp-post-image\" alt=\"\" \/>        <div class=\"team-item-detail\">\n\n            <h4 class=\"font-alt normal\"><\/h4>\n\n            <p>&#8220;O verdadeiro hero\u00edsmo consiste en trocar os anceios en realidades, as ideas en feitos.&#8221;<\/p>\n<p>Castelao<\/p>\n\n                        <div class=\"team-social-links\">\n                                  <a href=\"https:\/\/www.facebook.com\/susana.recouso\" target=\"_blank\"><i class=\"fa fa-facebook\"><\/i><\/a>\n                                                            <\/div>\n            \n        <\/div>\n    <\/div>\n    \n    <div class=\"team-item-descr font-alt\">\n\n        <div class=\"team-item-name\">\n            Susana S. Recouso        <\/div>\n\n        <div class=\"team-item-role\">\n            Gui\u00f3n        <\/div>\n\n    <\/div>\n  <\/div>\n\n\n  <\/div><div class=\"wpb_column col-md-3\">\n<div  class=\"team-item  wow fadeInUp\" data-wow-delay=\".4s\">\n        <div class=\"team-item-image\">\n      <img loading=\"lazy\" decoding=\"async\" width=\"360\" height=\"438\" src=\"http:\/\/lentesdiverxentes.com\/wp-content\/uploads\/2018\/04\/foto_pablo-360x438.jpg\" class=\"attachment-ts-vertical size-ts-vertical wp-post-image\" alt=\"\" \/>        <div class=\"team-item-detail\">\n\n            <h4 class=\"font-alt normal\"><\/h4>\n\n            <p>&#8220;Non ser\u00eda estra\u00f1o que en Marte houbera civilizaci\u00f3n, pero se cadra chegou o capitalismo e rematou co planeta.&#8221;<\/p>\n<p>Hugo Chavez<\/p>\n\n                        <div class=\"team-social-links\">\n                                                  <a href=\"https:\/\/twitter.com\/pablostiago\" target=\"_blank\"><i class=\"fa fa-twitter\"><\/i><\/a>\n                                            <\/div>\n            \n        <\/div>\n    <\/div>\n    \n    <div class=\"team-item-descr font-alt\">\n\n        <div class=\"team-item-name\">\n            Pablo Santiago        <\/div>\n\n        <div class=\"team-item-role\">\n            Imaxe        <\/div>\n\n    <\/div>\n  <\/div>\n\n\n  <\/div><div class=\"wpb_column col-md-3\">\n<div  class=\"team-item  wow fadeInUp\" data-wow-delay=\".4s\">\n        <div class=\"team-item-image\">\n      <img loading=\"lazy\" decoding=\"async\" width=\"360\" height=\"438\" src=\"http:\/\/lentesdiverxentes.com\/wp-content\/uploads\/2018\/04\/foto_emilio-360x438.jpg\" class=\"attachment-ts-vertical size-ts-vertical wp-post-image\" alt=\"\" \/>        <div class=\"team-item-detail\">\n\n            <h4 class=\"font-alt normal\"><\/h4>\n\n            <p>&#8220;A idea de dirixir unha pel\u00edcula \u00e9 un invento dos cr\u00edticos: toda a elocuencia do cine ac\u00e1dase na sala de montaxe.&#8221;<\/p>\n<p>Orson Welles<\/p>\n\n                        <div class=\"team-social-links\">\n                                  <a href=\"https:\/\/www.facebook.com\/emilio.carral.7\" target=\"_blank\"><i class=\"fa fa-facebook\"><\/i><\/a>\n                                                            <\/div>\n            \n        <\/div>\n    <\/div>\n    \n    <div class=\"team-item-descr font-alt\">\n\n        <div class=\"team-item-name\">\n            Emilio Carral        <\/div>\n\n        <div class=\"team-item-role\">\n            Edici\u00f3n        <\/div>\n\n    <\/div>\n  <\/div>\n\n\n  <\/div><\/div><\/section><section  class=\"content-section full-width is-fluid cover no-padding no-margin    content-section-69d1de2086f0e\"><div class=\"row vc_row-fluid\"><div class=\"wpb_column col-md-12\"><div  class=\"clear rs-space\" style=\"height:128px;\"><\/div><\/div><\/div><\/section><section  class=\"content-section full-width with-col cover rella-no-padding rella-no-margin   banner-section  content-section-69d1de20871bf\"><div class=\"row vc_row-fluid\"><div class=\"wpb_column col-sm-6 align-center\"><h3  class=\"banner-heading font-alt mb-30 mb-xxs-10\"  style=\"margin-top:140px;margin-bottom:20px;color:rgba(255,255,255,0.9);\">Queres saber en que andamos metidos agora?<\/h3><div class=\"section-text text-block \" style=\"color:rgba(255,255,255,0.7);\"><p>Colabora co noso traballo sobre o proxecto de megaminar\u00eda en Touro e o Pino<\/p>\n<\/div><div  class=\"mb-10\"><a href=\"#contacto\" title=\"\" target=\"_self\" class=\"btn btn-custom-69d1de208736c btn-mod  btn-medium btn-solid btn-round\"> Ap\u00f3ianos <\/a><\/div><div  class=\"clear rs-space\" style=\"height:140px;\"><\/div><\/div><div class=\"wpb_column col-sm-6 banner-image wow fadeInUp\"><div  class=\"full-block align-left\" ><a href=\"http:\/\/lentesdiverxentes.com\/index.php\/portfolio\/mina-de-touro\/\"><img loading=\"lazy\" decoding=\"async\"  src=\"http:\/\/lentesdiverxentes.com\/wp-content\/uploads\/2018\/04\/promo_mina_touro.png\"  width=\"529\" height=\"439\" alt=\"\" \/><\/a><\/div><\/div><\/div><\/section><section  id=\"proxectos\" class=\"content-section full-width is-fluid cover custom-padding rella-no-margin    content-section-69d1de208765a\"><div class=\"row vc_row-fluid\"><div class=\"wpb_column col-md-12\"><h2  class=\"section-title  mb-70 mb-sm-40 font-alt align-center\" style=\"margin-top:20px;margin-bottom:70px;\">PROXECTOS<a href=\"http:\/\/lentesdiverxentes.com\/index.php\/proxectos\/\" title=\"button\" target=\"_self\" class=\"section-more right right-title-custom-69d1de2087771\">M\u00e1is proxectos<i class=\"fa fa-angle-right\"><\/i><\/a><\/h2><div  class=\"clear rs-space\" style=\"height:40px;\"><\/div>\n\t\n\t\t<div class=\"works-filter align-center font-alt\">\n\t\t\t<a href=\"#\" class=\"filter active\" data-filter=\"*\">Todos os proxectos<\/a>\n\t\t\t<a class=\"filter\" data-filter=\".portfolio_cat-156 \">Angrois no esquecemento<\/a><a class=\"filter\" data-filter=\".portfolio_cat-153 \">Defensa do medio<\/a><a class=\"filter\" data-filter=\".portfolio_cat-154 \">Memoria democr\u00e1tica<\/a><a class=\"filter\" data-filter=\".portfolio_cat-152 \">Movementos sociais<\/a>\t\t<\/div>\n\n\t\n\t<ul class=\"works-grid work-grid-3 work-grid-gut clearfix font-alt hover-white hide-titles \" id=\"work-grid\">\n\n\t\t\t\n\t\t\t\t\t\t<li class=\"work-item mix portfolio_cat-153\">\n\t\t<a href=\"http:\/\/lentesdiverxentes.com\/index.php\/portfolio\/vertedoiro-grixoa\/\" target=\"_self\" class=\"work-ext-link \">\n\t\t\t\t\t\n\t\t\t\t\t<div class=\"work-img\">\n\t\t\t\t\t\t\t<img loading=\"lazy\" decoding=\"async\" width=\"650\" height=\"418\" src=\"http:\/\/lentesdiverxentes.com\/wp-content\/uploads\/2018\/04\/1-650x418.jpg\" class=\"attachment-ts-full-alt size-ts-full-alt wp-post-image\" alt=\"\" \/>\t\t\t\t\t<\/div>\n\t\t\t\t\t\n\t\t\t\t\t<div class=\"work-intro\">\n\t\t\t\t\t\t\t<h3 class=\"work-title\">Vertedoiro Grixoa<\/h3>\n\t\t\t\t\t\t\t<div class=\"work-descr\">\n\t\t\t\t\t\t\t\t\tDefensa do medio\t\t\t\t\t\t\t<\/div>\n\t\t\t\t\t<\/div>\n\t\t\t\t\t\n\t\t\t<\/a>\n\t\t<\/li>\n\t\t\n\t\t\t\t\t\t<li class=\"work-item mix portfolio_cat-153\">\n\t\t<a href=\"http:\/\/lentesdiverxentes.com\/index.php\/portfolio\/mina-de-touro-o-pino\/\" target=\"_self\" class=\"work-ext-link \">\n\t\t\t\t\t\n\t\t\t\t\t<div class=\"work-img\">\n\t\t\t\t\t\t\t<img loading=\"lazy\" decoding=\"async\" width=\"650\" height=\"418\" src=\"http:\/\/lentesdiverxentes.com\/wp-content\/uploads\/2018\/04\/mina-1-650x418.jpg\" class=\"attachment-ts-full-alt size-ts-full-alt wp-post-image\" alt=\"\" \/>\t\t\t\t\t<\/div>\n\t\t\t\t\t\n\t\t\t\t\t<div class=\"work-intro\">\n\t\t\t\t\t\t\t<h3 class=\"work-title\">Mina de Touro &#8211; O Pino<\/h3>\n\t\t\t\t\t\t\t<div class=\"work-descr\">\n\t\t\t\t\t\t\t\t\tDefensa do medio\t\t\t\t\t\t\t<\/div>\n\t\t\t\t\t<\/div>\n\t\t\t\t\t\n\t\t\t<\/a>\n\t\t<\/li>\n\t\t\n\t\t\t\t\t\t<li class=\"work-item mix portfolio_cat-153\">\n\t\t<a href=\"http:\/\/lentesdiverxentes.com\/index.php\/portfolio\/lei-depredacion-lumes\/\" target=\"_self\" class=\"work-ext-link \">\n\t\t\t\t\t\n\t\t\t\t\t<div class=\"work-img\">\n\t\t\t\t\t\t\t<img loading=\"lazy\" decoding=\"async\" width=\"650\" height=\"418\" src=\"http:\/\/lentesdiverxentes.com\/wp-content\/uploads\/2018\/04\/bn1-medio-ambiente-1-650x418.jpg\" class=\"attachment-ts-full-alt size-ts-full-alt wp-post-image\" alt=\"\" \/>\t\t\t\t\t<\/div>\n\t\t\t\t\t\n\t\t\t\t\t<div class=\"work-intro\">\n\t\t\t\t\t\t\t<h3 class=\"work-title\">Lei de depredaci\u00f3n lumes<\/h3>\n\t\t\t\t\t\t\t<div class=\"work-descr\">\n\t\t\t\t\t\t\t\t\tDefensa do medio\t\t\t\t\t\t\t<\/div>\n\t\t\t\t\t<\/div>\n\t\t\t\t\t\n\t\t\t<\/a>\n\t\t<\/li>\n\t\t\n\t\t\t\t\t\t<li class=\"work-item mix portfolio_cat-154\">\n\t\t<a href=\"http:\/\/lentesdiverxentes.com\/index.php\/portfolio\/exhumacions\/\" target=\"_self\" class=\"work-ext-link \">\n\t\t\t\t\t\n\t\t\t\t\t<div class=\"work-img\">\n\t\t\t\t\t\t\t<img loading=\"lazy\" decoding=\"async\" width=\"650\" height=\"418\" src=\"http:\/\/lentesdiverxentes.com\/wp-content\/uploads\/2018\/04\/bn3-memoria-650x418.jpg\" class=\"attachment-ts-full-alt size-ts-full-alt wp-post-image\" alt=\"\" \/>\t\t\t\t\t<\/div>\n\t\t\t\t\t\n\t\t\t\t\t<div class=\"work-intro\">\n\t\t\t\t\t\t\t<h3 class=\"work-title\">Exhumaci\u00f3ns<\/h3>\n\t\t\t\t\t\t\t<div class=\"work-descr\">\n\t\t\t\t\t\t\t\t\tMemoria democr\u00e1tica\t\t\t\t\t\t\t<\/div>\n\t\t\t\t\t<\/div>\n\t\t\t\t\t\n\t\t\t<\/a>\n\t\t<\/li>\n\t\t\n\t\t\t\t\t\t<li class=\"work-item mix portfolio_cat-152\">\n\t\t<a href=\"http:\/\/lentesdiverxentes.com\/index.php\/portfolio\/badaladas-pola-prevencion-do-suicidio\/\" target=\"_self\" class=\"work-ext-link \">\n\t\t\t\t\t\n\t\t\t\t\t<div class=\"work-img\">\n\t\t\t\t\t\t\t<img loading=\"lazy\" decoding=\"async\" width=\"650\" height=\"418\" src=\"http:\/\/lentesdiverxentes.com\/wp-content\/uploads\/2018\/04\/bn5-badalada-650x418.jpg\" class=\"attachment-ts-full-alt size-ts-full-alt wp-post-image\" alt=\"\" \/>\t\t\t\t\t<\/div>\n\t\t\t\t\t\n\t\t\t\t\t<div class=\"work-intro\">\n\t\t\t\t\t\t\t<h3 class=\"work-title\">Badaladas pola prevenci\u00f3n do suicidio<\/h3>\n\t\t\t\t\t\t\t<div class=\"work-descr\">\n\t\t\t\t\t\t\t\t\tMovementos sociais\t\t\t\t\t\t\t<\/div>\n\t\t\t\t\t<\/div>\n\t\t\t\t\t\n\t\t\t<\/a>\n\t\t<\/li>\n\t\t\n\t\t\t\t\t\t<li class=\"work-item mix portfolio_cat-156\">\n\t\t<a href=\"http:\/\/angroisnoesquecemento.com\" target=\"_blank\" class=\"work-ext-link \">\n\t\t\t\t\t\n\t\t\t\t\t<div class=\"work-img\">\n\t\t\t\t\t\t\t<img loading=\"lazy\" decoding=\"async\" width=\"650\" height=\"418\" src=\"http:\/\/lentesdiverxentes.com\/wp-content\/uploads\/2018\/04\/bn2-angrois-650x418.jpg\" class=\"attachment-ts-full-alt size-ts-full-alt wp-post-image\" alt=\"\" \/>\t\t\t\t\t<\/div>\n\t\t\t\t\t\n\t\t\t\t\t<div class=\"work-intro\">\n\t\t\t\t\t\t\t<h3 class=\"work-title\">Angrois no esquecemento<\/h3>\n\t\t\t\t\t\t\t<div class=\"work-descr\">\n\t\t\t\t\t\t\t\t\tAngrois no esquecemento\t\t\t\t\t\t\t<\/div>\n\t\t\t\t\t<\/div>\n\t\t\t\t\t\n\t\t\t<\/a>\n\t\t<\/li>\n\t\t\n\t\t\t\t\t\t<li class=\"work-item mix portfolio_cat-152\">\n\t\t<a href=\"http:\/\/lentesdiverxentes.com\/index.php\/portfolio\/marchas-da-dignidade\/\" target=\"_self\" class=\"work-ext-link \">\n\t\t\t\t\t\n\t\t\t\t\t<div class=\"work-img\">\n\t\t\t\t\t\t\t<img loading=\"lazy\" decoding=\"async\" width=\"650\" height=\"418\" src=\"http:\/\/lentesdiverxentes.com\/wp-content\/uploads\/2018\/04\/bn6-marchas-650x418.jpg\" class=\"attachment-ts-full-alt size-ts-full-alt wp-post-image\" alt=\"\" \/>\t\t\t\t\t<\/div>\n\t\t\t\t\t\n\t\t\t\t\t<div class=\"work-intro\">\n\t\t\t\t\t\t\t<h3 class=\"work-title\">Marchas da dignidade<\/h3>\n\t\t\t\t\t\t\t<div class=\"work-descr\">\n\t\t\t\t\t\t\t\t\tMovementos sociais\t\t\t\t\t\t\t<\/div>\n\t\t\t\t\t<\/div>\n\t\t\t\t\t\n\t\t\t<\/a>\n\t\t<\/li>\n\t\t\n\t\t\n\t<\/ul>\n\n\t[vc_empty_space]<\/div><\/div><\/section><section  class=\"content-section full-width is-fluid cover no-padding no-margin    content-section-69d1de208b0c6\"><div class=\"row vc_row-fluid\"><div class=\"wpb_column col-md-12\">\n<section class=\"page-section bg-dark bg-dark-alfa-90 bg-scroll fullwidth-slider testimonial-slider\" data-background=\"\" data-speed=\"1000\" data-autoplay=\"true\">\n\n  \n  <div>\n    <div class=\"container relative\">\n      <div class=\"row\">\n        <div class=\"col-md-8 col-md-offset-2 align-center\">\n          <div  class=\"section-icon \" style=\"color:#ffffff;\">\n            <span class=\"icon-quote\"><\/span>\n          <\/div>\n          <h3 class=\"small-title font-alt\" style=\"color:#ffffff;\">O que din de n\u00f3s<\/h3>\n          <blockquote class=\"testimonial\" style=\"color:#ffffff;\">\n            <p>O traballo solidario de Lentes Diverxentes foi unha contribuci\u00f3n inestimable \u00e1 campa\u00f1a &#8220;Badaladas para a prevenci\u00f3n do suicidio&#8221; impulsada polo Movemento Galego da Sa\u00fade Mental. Grazas ao seu esforzo comprometido puidemos dispor de dous v\u00eddeos fundamentais: o primeiro converteuse no gran argumento para a prevenci\u00f3n e no noso mellor instrumento para a concienciaci\u00f3n social e a denuncia da pasividade do Goberno Auton\u00f3mico. O segundo, na memoria que deixa documentada unha mobilizaci\u00f3n social que logrou conseguir que a Xunta de Galicia asumira formalmente, coa elaboraci\u00f3n e coa publicaci\u00f3n do Plan de Prevenci\u00f3n do Suicidio en Galicia, a s\u00faa responsabilidade na prevenci\u00f3n dun dos m\u00e1is graves problemas de sa\u00fade p\u00fablica que padece a nosa comunidade. S\u00f3 podemos agradecer ter traballado con v\u00f3s.<\/p>\n            <footer class=\"testimonial-author\" style=\"color:#777777;\">Miguel Anxo Garc\u00eda \u00c1lvarez (Voceiro do Movemento Galego de Sa\u00fade Mental)<\/footer>\n          <\/blockquote>\n        <\/div>\n      <\/div>\n    <\/div>\n  <\/div>\n\n  \n  <div>\n    <div class=\"container relative\">\n      <div class=\"row\">\n        <div class=\"col-md-8 col-md-offset-2 align-center\">\n          <div  class=\"section-icon \" style=\"color:#ffffff;\">\n            <span class=\"icon-quote\"><\/span>\n          <\/div>\n          <h3 class=\"small-title font-alt\" style=\"color:#ffffff;\">QUE DIN DE N\u00d3S<\/h3>\n          <blockquote class=\"testimonial\" style=\"color:#ffffff;\">\n            <p><span id=\":124.co\" class=\"tL8wMe EMoHub\" dir=\"ltr\">Como dixera Sigmund Freud &#8220;podemos defendernos dos ataques mais contra os eloxios estamos indefensos&#8221; por iso vimos dicirvos hoxe: Seguide as\u00ed: nada de eloxios e por suposto convosco, incondicionais ante os ataques ve\u00f1an de onde ve\u00f1an. Miramos ao noso arredor, observamos, analizamos, elaboramos estratexias, facemos chamamentos, convocamos e actuamos na procura dun mundo mellor e m\u00e1is xusto e ao cabo&#8230; somos pesimistas. Mais cando miramos para o que facedes v\u00f3s e vos sentimos de preto, moi a car\u00f3n noso, a sensaci\u00f3n muda. Cargamos as nosas bater\u00edas e de novo torna o optimismo. Seguimos. Seguide as\u00ed!<\/span><\/p>\n            <footer class=\"testimonial-author\" style=\"color:#777777;\">XOS\u00c9 CARLOS COSTOYA (Marchas da Dignidade)<\/footer>\n          <\/blockquote>\n        <\/div>\n      <\/div>\n    <\/div>\n  <\/div>\n\n  \n  <\/section>\n\n  <\/div><\/div><\/section><section  id=\"contacto\" class=\"content-section full-width with-col cover rella-no-padding custom-margin    content-section-69d1de208bc6d\"><div class=\"row vc_row-fluid\"><div class=\"wpb_column col-md-12\"><h2  class=\"section-title  mb-70 mb-sm-40 font-alt align-center\" style=\"margin-top:50px;\">CONTACTO<\/h2><\/div><div class=\"wpb_column col-md-2\"><div class=\"section-text text-block \" ><p><\/p>\n<\/div><\/div><div class=\"wpb_column col-md-8\"><section  class=\"content-section full-width with-col cover rella-no-padding rella-no-margin    content-section-69d1de208bdf6\"><div class=\"row vc_row-fluid\"><div class=\"wpb_column col-md-6 col-sm-6\"><div class=\"pt-20 pb-20 pb-xs-0\" ><div class=\"contact-item\"><div class=\"ci-icon \" ><i class=\"fa fa-phone\"><\/i><\/div><div class=\"ci-title font-alt\" >Tel\u00e9fono<\/div><div class=\"ci-text\" style=\"font-size:15px;\">+34 649 50 87 31<\/div><\/div><\/div><\/div><div class=\"wpb_column col-md-6 col-sm-6\"><div class=\"pt-20 pb-20 pb-xs-0\" ><div class=\"contact-item\"><div class=\"ci-icon \" ><i class=\"fa fa-envelope\"><\/i><\/div><div class=\"ci-title font-alt\" >CORREO <\/div><div class=\"ci-text\" style=\"font-size:15px;\">lentes.diverxentes@gmail.com<\/div><\/div><\/div><\/div><\/div><\/section><\/div><div class=\"wpb_column col-md-2\"><div class=\"section-text text-block \" ><p><\/p>\n<\/div><\/div><\/div><\/section><section  class=\"content-section full-width with-col cover no-padding mb-140 mb-xs-70    content-section-69d1de208bf93\"><div class=\"row vc_row-fluid\"><div class=\"wpb_column col-md-8 col-lg-offset-2\"><div  class=\"rs-contact-form\"><div role=\"form\" class=\"wpcf7\" id=\"wpcf7-f2885-o1\" lang=\"en-US\" dir=\"ltr\">\n<div class=\"screen-reader-response\"><\/div>\n<form action=\"\/index.php\/wp-json\/wp\/v2\/pages\/2862#wpcf7-f2885-o1\" method=\"post\" class=\"wpcf7-form\" novalidate=\"novalidate\">\n<div style=\"display: none;\">\n<input type=\"hidden\" name=\"_wpcf7\" value=\"2885\" \/>\n<input type=\"hidden\" name=\"_wpcf7_version\" value=\"5.1.1\" \/>\n<input type=\"hidden\" name=\"_wpcf7_locale\" value=\"en_US\" \/>\n<input type=\"hidden\" name=\"_wpcf7_unit_tag\" value=\"wpcf7-f2885-o1\" \/>\n<input type=\"hidden\" name=\"_wpcf7_container_post\" value=\"0\" \/>\n<input type=\"hidden\" name=\"g-recaptcha-response\" value=\"\" \/>\n<\/div>\n<div class=\"wpcf7-response-output wpcf7-display-none\"><\/div>\n<p class=\"cf-left-col\"><span class=\"wpcf7-form-control-wrap your-name\"><input type=\"text\" name=\"your-name\" value=\"\" size=\"40\" class=\"wpcf7-form-control wpcf7-text wpcf7-validates-as-required\" aria-required=\"true\" aria-invalid=\"false\" placeholder=\"Nome\" \/><\/span><span class=\"wpcf7-form-control-wrap your-email\"><input type=\"email\" name=\"your-email\" value=\"\" size=\"40\" class=\"wpcf7-form-control wpcf7-text wpcf7-email wpcf7-validates-as-required wpcf7-validates-as-email\" aria-required=\"true\" aria-invalid=\"false\" placeholder=\"Correo\" \/><\/span><\/p>\n<p class=\"cf-right-col\"><span class=\"wpcf7-form-control-wrap your-message\"><textarea name=\"your-message\" cols=\"40\" rows=\"10\" class=\"wpcf7-form-control wpcf7-textarea wpcf7-validates-as-required\" aria-required=\"true\" aria-invalid=\"false\" placeholder=\"A t\u00faa mensaxe\"><\/textarea><\/span><\/p>\n<p><br><span><span class=\"wpcf7-form-control-wrap acceptance-279\"><span class=\"wpcf7-form-control wpcf7-acceptance\"><span class=\"wpcf7-list-item\"><input type=\"checkbox\" name=\"acceptance-279\" value=\"1\" aria-invalid=\"false\" \/><\/span><\/span><\/span> He le\u00eddo y acepto el <a target=\"_blank\" rel=\"nofollow noopener noreferrer\" href=\"http:\/\/lentesdiverxentes.com\/avisos-legales\">Aviso Legal<\/a> y la <a target=\"_blank\" rel=\"nofollow noopener noreferrer\" href=\"http:\/\/lentesdiverxentes.com\/politica-de-privacidad\">Pol\u00edtica de Privacidad<\/a>.<\/span><br><br><span><span class=\"wpcf7-form-control-wrap acceptance-414\"><span class=\"wpcf7-form-control wpcf7-acceptance\"><span class=\"wpcf7-list-item\"><input type=\"checkbox\" name=\"acceptance-414\" value=\"1\" aria-invalid=\"false\" \/><\/span><\/span><\/span> Declaro, bajo mi propia responsabilidad, ser mayor de 18 a\u00f1os y respondo de manera exclusiva de la veracidad de dicha declaraci\u00f3n.<\/span><br><br><span><span class=\"wpcf7-form-control-wrap acceptance-415\"><span class=\"wpcf7-form-control wpcf7-acceptance\"><span class=\"wpcf7-list-item\"><input type=\"checkbox\" name=\"acceptance-415\" value=\"1\" aria-invalid=\"false\" \/><\/span><\/span><\/span> Acepto recibir la informaci\u00f3n que la entidad considere oportuno enviarme por correo electr\u00f3nico o medio de comunicaci\u00f3n electr\u00f3nica equivalente. (Es posible darse de baja en cualquier momento).<\/span><br><input type=\"submit\" value=\"Enviar mensaxe\" class=\"wpcf7-form-control wpcf7-submit\" \/><\/p>\n<input type='hidden' class='wpcf7-pum' value='{\"closepopup\":false,\"closedelay\":0,\"openpopup\":false,\"openpopup_id\":0}' \/><\/form><\/div><div class=\"form-tip pt-10\"><i class=\"fa fa-info-circle\"><\/i> Todos os campos son requiridos<\/div><\/div><\/div><\/div><\/section><section  class=\"content-section full-width is-fluid cover rella-no-padding rella-no-margin    content-section-69d1de208c7e6\"><div class=\"row vc_row-fluid\"><div class=\"wpb_column col-md-12\"><div  class=\"google-map\"><div data-address=\"Santiago de Compostela, Galicia\" data-lat=\"\" data-long=\"\" data-zoom=\"14\" data-greyscale=\"true\"  class=\"map-canvas\"><\/div><\/div><\/div><\/div><\/section>\n","protected":false},"excerpt":{"rendered":"Como dixera Sigmund Freud \"podemos defendernos dos ataques mais contra os eloxios estamos indefensos\" por iso vimos dicirvos hoxe: Seguide as\u00ed: nada de eloxios e por suposto convosco, incondicionais ante os ataques ve\u00f1an de onde ve\u00f1an. Miramos ao noso arredor, observamos, analizamos, elaboramos estratexias, facemos chamamentos, convocamos e actuamos na procura dun mundo mellor e","protected":false},"author":1,"featured_media":0,"parent":0,"menu_order":0,"comment_status":"open","ping_status":"open","template":"","meta":{"footnotes":""},"class_list":["post-2862","page","type-page","status-publish","hentry"],"_links":{"self":[{"href":"http:\/\/lentesdiverxentes.com\/index.php\/wp-json\/wp\/v2\/pages\/2862","targetHints":{"allow":["GET"]}}],"collection":[{"href":"http:\/\/lentesdiverxentes.com\/index.php\/wp-json\/wp\/v2\/pages"}],"about":[{"href":"http:\/\/lentesdiverxentes.com\/index.php\/wp-json\/wp\/v2\/types\/page"}],"author":[{"embeddable":true,"href":"http:\/\/lentesdiverxentes.com\/index.php\/wp-json\/wp\/v2\/users\/1"}],"replies":[{"embeddable":true,"href":"http:\/\/lentesdiverxentes.com\/index.php\/wp-json\/wp\/v2\/comments?post=2862"}],"version-history":[{"count":201,"href":"http:\/\/lentesdiverxentes.com\/index.php\/wp-json\/wp\/v2\/pages\/2862\/revisions"}],"predecessor-version":[{"id":3334,"href":"http:\/\/lentesdiverxentes.com\/index.php\/wp-json\/wp\/v2\/pages\/2862\/revisions\/3334"}],"wp:attachment":[{"href":"http:\/\/lentesdiverxentes.com\/index.php\/wp-json\/wp\/v2\/media?parent=2862"}],"curies":[{"name":"wp","href":"https:\/\/api.w.org\/{rel}","templated":true}]}}