


{"id":3252,"date":"2018-05-13T22:07:20","date_gmt":"2018-05-13T20:07:20","guid":{"rendered":"http:\/\/lentesdiverxentes.com\/?page_id=3252"},"modified":"2018-05-17T17:51:35","modified_gmt":"2018-05-17T15:51:35","slug":"politica-de-cookies","status":"publish","type":"page","link":"http:\/\/lentesdiverxentes.com\/index.php\/politica-de-cookies\/","title":{"rendered":"Pol\u00edtica de cookies"},"content":{"rendered":"<section  class=\"content-section full-width with-col cover custom-padding no-margin    content-section-69eb469b660fa\"><div class=\"row vc_row-fluid\"><div class=\"wpb_column col-md-12\"><div class=\"section-text text-block \" ><h1>Pol\u00edtica de cookies de www.lentesdiverxentes.com<\/h1>\n<p>\u00daltima actualizaci\u00f3n: 17 de maio de 2018.<\/p>\n<h2>Resumo<\/h2>\n<p>Cookies usadas: propias e de terceiros<br \/>\nEmpr\u00e9ganse a efectos estat\u00edsticos? S\u00ed<br \/>\nEmpr\u00e9ganse para publicidade? Non<br \/>\nServizos de terceiros que instalan cookies a trav\u00e9s desta web: Google Analytics<\/p>\n<h2>Como configurar e deshabilitar as <em>cookies<\/em><\/h2>\n<p>Podes permitir, bloquear ou eliminar as <em>cookies<\/em> instaladas no teu dispositivo desde o seu navegador web. Se non permites a instalaci\u00f3n de <em>cookies<\/em> no teu dispositivo, a experiencia de navegaci\u00f3n pode ser peor. A continuaci\u00f3n podes atopar como configurar as <em>cookies<\/em> en cada navegador:<\/p>\n<ul>\n<li>Internet explorer: <a href=\"https:\/\/support.microsoft.com\/en-us\/help\/17442\/windows-internet-explorer-delete-manage-cookies#ie=ie-10\">eliminar e administrar <em>cookies<\/em><\/a><\/li>\n<li>Mozilla Firefox: <a href=\"https:\/\/support.mozilla.org\/es\/kb\/Borrar%20cookies\">borrar <em>cookies<\/em><\/a> e <a href=\"https:\/\/support.mozilla.org\/gl\/kb\/block-websites-storing-site-preferences\">bloquear <em>cookies<\/em><\/a><\/li>\n<li>Google Chrome: <a href=\"https:\/\/support.google.com\/chrome\/answer\/95647?hl=es\">borrar, habilitar e administar <em>cookies<\/em><\/a><\/li>\n<li>Opera: <a href=\"http:\/\/help.opera.com\/Windows\/11.50\/es-ES\/cookies.html\">opci\u00f3ns de <em>cookies<\/em><\/a><\/li>\n<li>Safari: <a href=\"https:\/\/support.apple.com\/kb\/PH21411?viewlocale=es_ES&amp;locale=es_ES\">xestionar <em>cookies<\/em><\/a><\/li>\n<\/ul>\n<p>Se empregas calquer outro navegador, ou as ligaz\u00f3ns proporcionadas non conte\u00f1en a informaci\u00f3n que desexa, podes localizar como xestionar as <em>cookies<\/em> que se instalan no teu equipo accedendo ao men\u00fa &#8220;Opci\u00f3ns&#8221; ou &#8220;Configuraci\u00f3n&#8221; \u2013ou equivalente- do navegador, ou ben consultando a secci\u00f3n de &#8220;Axuda&#8221; ou &#8220;Soporte&#8221; do propio navegador.<\/p>\n<h2>1.- Tipos e usos<\/h2>\n<p>O servizo utiliza <em>cookies<\/em> propias e de terceiros para mellorar a navegaci\u00f3n, proporcionar o servizo e obter estat\u00edsticas sobre o uso do sitio web.<\/p>\n<h2>2.- Que \u00e9 unha <em>cookie<\/em> e para que serve?<\/h2>\n<p>Unha <em>cookie<\/em> \u00e9 un arquivo de texto que se env\u00eda ao navegador web do seu dispositivo (computadora, m\u00f3bil ou tablet, <em>smartTV<\/em>, &#8230;) e que se emprega para almacenar e recuperar informaci\u00f3n sobre a navegaci\u00f3n realizada. Por exemplo, lembrar o seu nome de usuario e contrasinal ou as preferencias do seu perfil (no caso de existir).<\/p>\n<h2>3.- Que tipos de <em>cookies<\/em> hai?<\/h2>\n<p>Segundo quen as manexa:<\/p>\n<ul>\n<li><em>Cookies<\/em> propias: env\u00edanse ao teu navegador desde os nosos ordenadores ou dominios web.<\/li>\n<li><em>Cookies<\/em> de terceiros: env\u00edanse ao teu navegador desde unha computadora ou dominio web que non xestionamos n\u00f3s directamente, sen\u00f3n unha terceira entidade como pode ser Google.<\/li>\n<\/ul>\n<p>Dependendo do tempo que estean activas, hai:<\/p>\n<ul>\n<li><em>Cookies<\/em> de sesi\u00f3n: o arquivo de <em>cookies<\/em> permanece no teu navegador ata que saias do sitio web, de xeito que non quede nada no teu dispositivo.<\/li>\n<li><em>Cookies<\/em> persistentes: permanecen no teu dispositivo e na nosa web cada vez que fagas unha nova visita. Estas <em>cookies<\/em> deixan de funcionar despois dunha data espec\u00edfica.<\/li>\n<\/ul>\n<p>Finalmente, e de acordo co seu prop\u00f3sito, temos:<\/p>\n<ul>\n<li><em>Cookies<\/em> t\u00e9cnicas: melloran a navegaci\u00f3n e o bo funcionamiento da web.<\/li>\n<li><em>Cookies<\/em> de personalizaci\u00f3n: permiten o aceso ao servizo con caracter\u00edsticas predefinidas baseadas nunha serie de criterios.<\/li>\n<li><em>Cookies<\/em> de an\u00e1lise: permiten medir e analizar estat\u00edsticamente o uso que se fai do servizo prestado.<\/li>\n<\/ul>\n<h3><em>Cookies<\/em> empregadas por LENTES DIVERXENTES:<\/h3>\n<table>\n<thead>\n<tr>\n<th>Nome<\/th>\n<th>Orixe<\/th>\n<th>Finalidade<\/th>\n<th>Tipo<\/th>\n<th>Duraci\u00f3n<\/th>\n<\/tr>\n<\/thead>\n<tbody>\n<tr>\n<td>PHPSESSID<\/td>\n<td>lentesdiverxentes.com<\/td>\n<td>Anal\u00edtica<\/td>\n<td>Propia<\/td>\n<td>Sesi\u00f3n<\/td>\n<\/tr>\n<tr>\n<td>_ga<\/td>\n<td>lentesdiverxentes.com<\/td>\n<td>Anal\u00edtica<\/td>\n<td>Propia<\/td>\n<td>1 d\u00eda<\/td>\n<\/tr>\n<tr>\n<td>_gat<\/td>\n<td>lentesdiverxentes.com<\/td>\n<td>Anal\u00edtica<\/td>\n<td>Propia<\/td>\n<td>1 minuto<\/td>\n<\/tr>\n<\/tbody>\n<\/table>\n<h3><em>Cookies<\/em> de terceiros empregadas por LENTES DIVERXENTES:<\/h3>\n<ul>\n<li><em>Google Analytics:<\/em> as <em>cookies<\/em> (_ga, _gat ou __utma) permiten contar as veces que un usuario visita unha web, como, cando e onde o fai. En calquera caso, podes desactivar as <em>cookies<\/em> de Google Analytics <a href=\"https:\/\/tools.google.com\/dlpage\/gaoptout\">aqu\u00ed<\/a><\/li>\n<li><em>Google:<\/em> as <em>cookies<\/em> (NID ou CONSENT) perm\u00edten personalizar como se ven os anuncios f\u00f3ra de Google ou almacenar informaci\u00f3n como o idioma preferido cando se amosan os resultados de busca. En calquera caso, <a href=\"https:\/\/policies.google.com\/technologies\/types\">aqu\u00ed<\/a> podes atopar m\u00e1is informaci\u00f3n sobre os tipos de <em>cookies<\/em> que Google emprega nos seus m\u00faltiples servizos.<\/li>\n<\/ul>\n<\/div><\/div><\/div><\/section><section  class=\"content-section full-width with-col cover custom-padding no-margin    content-section-69eb469b66d4e\"><div class=\"row vc_row-fluid\"><div class=\"wpb_column col-md-12\"><div  class=\"small-item-carousel black owl-carousel mb-0 animate-init\" data-anim-type=\"fade-in-right-large\" data-anim-delay=\"100\"><\/div><\/div><\/div><\/section>\n","protected":false},"excerpt":{"rendered":"Pol\u00edtica de cookies de www.lentesdiverxentes.com \u00daltima actualizaci\u00f3n: 17 de maio de 2018. Resumo Cookies usadas: propias e de terceiros Empr\u00e9ganse a efectos estat\u00edsticos? S\u00ed Empr\u00e9ganse para publicidade? Non Servizos de terceiros que instalan cookies a trav\u00e9s desta web: Google Analytics Como configurar e deshabilitar as cookies Podes permitir, bloquear ou eliminar as cookies instaladas no","protected":false},"author":1,"featured_media":0,"parent":0,"menu_order":0,"comment_status":"open","ping_status":"open","template":"","meta":{"footnotes":""},"class_list":["post-3252","page","type-page","status-publish","hentry"],"_links":{"self":[{"href":"http:\/\/lentesdiverxentes.com\/index.php\/wp-json\/wp\/v2\/pages\/3252","targetHints":{"allow":["GET"]}}],"collection":[{"href":"http:\/\/lentesdiverxentes.com\/index.php\/wp-json\/wp\/v2\/pages"}],"about":[{"href":"http:\/\/lentesdiverxentes.com\/index.php\/wp-json\/wp\/v2\/types\/page"}],"author":[{"embeddable":true,"href":"http:\/\/lentesdiverxentes.com\/index.php\/wp-json\/wp\/v2\/users\/1"}],"replies":[{"embeddable":true,"href":"http:\/\/lentesdiverxentes.com\/index.php\/wp-json\/wp\/v2\/comments?post=3252"}],"version-history":[{"count":7,"href":"http:\/\/lentesdiverxentes.com\/index.php\/wp-json\/wp\/v2\/pages\/3252\/revisions"}],"predecessor-version":[{"id":3312,"href":"http:\/\/lentesdiverxentes.com\/index.php\/wp-json\/wp\/v2\/pages\/3252\/revisions\/3312"}],"wp:attachment":[{"href":"http:\/\/lentesdiverxentes.com\/index.php\/wp-json\/wp\/v2\/media?parent=3252"}],"curies":[{"name":"wp","href":"https:\/\/api.w.org\/{rel}","templated":true}]}}