


{"id":3272,"date":"2018-05-16T20:10:59","date_gmt":"2018-05-16T18:10:59","guid":{"rendered":"http:\/\/lentesdiverxentes.com\/?page_id=3272"},"modified":"2018-05-16T20:54:57","modified_gmt":"2018-05-16T18:54:57","slug":"aviso-legal","status":"publish","type":"page","link":"http:\/\/lentesdiverxentes.com\/index.php\/aviso-legal\/","title":{"rendered":"Aviso legal"},"content":{"rendered":"<section  class=\"content-section full-width with-col cover rella-no-padding rella-no-margin    content-section-69eb3438e1d04\"><div class=\"row vc_row-fluid\"><div class=\"wpb_column col-md-12\"><div class=\"section-text text-block \" ><h1>Aviso Legal<\/h1>\n<p>En cumprimiento do disposto pola Lei 34\/2002, de 11 de xullo, de servizos da sociedade da informaci\u00f3n e de comercio electr\u00f3nico, ponse a disposici\u00f3n dos usuarios a siguiente informaci\u00f3n:<\/p>\n<p><strong>Asociaci\u00f3n Audiovisual Lentes Diverxentes<\/strong><br \/>\nG-70456280<br \/>\nR\u00faa Monte dos Postes 10, 4\u00baD. 15703 Santiago de Compostela (A Coru\u00f1a)<br \/>\nTlf.: (+34) 649 50 87 31<br \/>\nTlf.: (+34)<br \/>\nlentes.diverxentes@gmail.com<\/p>\n<p><strong>Inscrita en:<\/strong><\/p>\n<p>\u2022 Rexistro Central de Asociaci\u00f3ns da Xunta de Galicia co n\u00fam. 2015\/019499 Secci\u00f3n 1<\/p>\n<p><strong>Xunta Directiva:<\/strong><\/p>\n<p>\u2022 Francisco Pi\u00f1eiro. Presidente.<br \/>\n\u2022 Emilio Carral. Secretario.<br \/>\n\u2022 Susana S. Recouso. Tesoureira.<\/p>\n<p>Os datos de car\u00e1cter persoal que, no seu caso, se recollan para a prestaci\u00f3n dos servizos dispo\u00f1ibles no sitio web lentesdiverxentes.com, ser\u00e1n tratados de conformidade coa nosa <a href=\"http:\/\/lentesdiverxentes.com\/index.php\/politica-de-privacidade\/\">Pol\u00edtica de Privacidade<\/a>. O r\u00e9xime aplicable \u00e1s cookies que poidan empregarse reg\u00falase na nosa <a href=\"http:\/\/lentesdiverxentes.com\/index.php\/politica-de-cookies\/\">Pol\u00edtica de <em>Cookies<\/em><\/a>.<\/p>\n<\/div><\/div><\/div><\/section>\n","protected":false},"excerpt":{"rendered":"Aviso Legal En cumprimiento do disposto pola Lei 34\/2002, de 11 de xullo, de servizos da sociedade da informaci\u00f3n e de comercio electr\u00f3nico, ponse a disposici\u00f3n dos usuarios a siguiente informaci\u00f3n: Asociaci\u00f3n Audiovisual Lentes Diverxentes G-70456280 R\u00faa Monte dos Postes 10, 4\u00baD. 15703 Santiago de Compostela (A Coru\u00f1a) Tlf.: (+34) 649 50 87 31 Tlf.:","protected":false},"author":1,"featured_media":0,"parent":0,"menu_order":0,"comment_status":"closed","ping_status":"closed","template":"","meta":{"footnotes":""},"class_list":["post-3272","page","type-page","status-publish","hentry"],"_links":{"self":[{"href":"http:\/\/lentesdiverxentes.com\/index.php\/wp-json\/wp\/v2\/pages\/3272","targetHints":{"allow":["GET"]}}],"collection":[{"href":"http:\/\/lentesdiverxentes.com\/index.php\/wp-json\/wp\/v2\/pages"}],"about":[{"href":"http:\/\/lentesdiverxentes.com\/index.php\/wp-json\/wp\/v2\/types\/page"}],"author":[{"embeddable":true,"href":"http:\/\/lentesdiverxentes.com\/index.php\/wp-json\/wp\/v2\/users\/1"}],"replies":[{"embeddable":true,"href":"http:\/\/lentesdiverxentes.com\/index.php\/wp-json\/wp\/v2\/comments?post=3272"}],"version-history":[{"count":6,"href":"http:\/\/lentesdiverxentes.com\/index.php\/wp-json\/wp\/v2\/pages\/3272\/revisions"}],"predecessor-version":[{"id":3278,"href":"http:\/\/lentesdiverxentes.com\/index.php\/wp-json\/wp\/v2\/pages\/3272\/revisions\/3278"}],"wp:attachment":[{"href":"http:\/\/lentesdiverxentes.com\/index.php\/wp-json\/wp\/v2\/media?parent=3272"}],"curies":[{"name":"wp","href":"https:\/\/api.w.org\/{rel}","templated":true}]}}