


{"id":3279,"date":"2018-05-16T21:43:55","date_gmt":"2018-05-16T19:43:55","guid":{"rendered":"http:\/\/lentesdiverxentes.com\/?page_id=3279"},"modified":"2018-05-17T17:47:19","modified_gmt":"2018-05-17T15:47:19","slug":"politica-de-privacidade","status":"publish","type":"page","link":"http:\/\/lentesdiverxentes.com\/index.php\/politica-de-privacidade\/","title":{"rendered":"Pol\u00edtica de privacidade"},"content":{"rendered":"<section  class=\"content-section full-width with-col cover custom-padding no-margin    content-section-69eb3492c64b5\"><div class=\"row vc_row-fluid\"><div class=\"wpb_column col-md-12\"><div class=\"section-text text-block \" ><h1>Pol\u00edtica de privacidade e condici\u00f3ns de uso de www.lentesdiverxentes.com<\/h1>\n<h2>Resumo<\/h2>\n<p>Esta web pertence a : Asociaci\u00f3n Audiovisual Lentes Diverxentes.<br \/>\nPropiedade intelectual: Asociaci\u00f3n Audiovisual Lentes Diverxentes.<br \/>\nDatos recompilados: Os xerados pola navegaci\u00f3n na web e as consultas feitas a trav\u00e9s do seu formulario.<br \/>\nContacto: lentes.diverxentes@gmail.com<\/p>\n<h2>1.- Titularidade<\/h2>\n<p>Esta web pertence a Asociaci\u00f3n Audiovisual Lentes Diverxentes (no sucesivo \u00abLentes Diverxentes\u00bb), con domicilio na R\u00faa Monte dos Postes 10 4\u00baD, CP 15703, Santiago de Compostela (A Coru\u00f1a &#8211; Espa\u00f1a) e co CIF: G-70456280.<\/p>\n<p>Se queres po\u00f1erte en contacto connosco env\u00edanos un correo electr\u00f3nico a: lentes.diverxentes@gmail.com<\/p>\n<p>Se decides seguir navegando pola nosa web considerar\u00e9moste un usuario da mesma, que liches e aceptaches o contido deste documento.<\/p>\n<h2>2.- Descrici\u00f3n do Servizo<\/h2>\n<p>Neste apartado cont\u00e1mosche que \u00e9 o que podes atopar na nosa web. Como poder\u00e1s observar, xa na pantalla de benvida se che presentan varias secci\u00f3ns nas que contamos:<\/p>\n<ul>\n<li>Que somos unha asociaci\u00f3n sen \u00e1nimo de lucro que fai traballos audiovisuais de interese social.<\/li>\n<li>Quen forma parte do equipo.<\/li>\n<li>En que andamos metidos ultimamente.<\/li>\n<li>Cales son os nosos proxectos.<\/li>\n<li>Como podes contactar con n\u00f3s.<\/li>\n<\/ul>\n<p>Se te fixas, na parte superior dereita da nosa web atopar\u00e1s unha barra de navegaci\u00f3n con lapelas para acceder \u00e1s diferentes secci\u00f3ns.<\/p>\n<h2>3.- Ligaz\u00f3ns externas<\/h2>\n<p>En ocasi\u00f3ns pode que po\u00f1amos enlaces na nosa web, xa sexa na informaci\u00f3n xeral, nunha entrada do blog (que estrearemos proximamente), nos diferentes proxectos ou neste propio documento, como por exemplo as das p\u00e1xinas web das entidades coas que colaboramos.<\/p>\n<p>Por\u00e9n, Lentes Diverxentes non exerce ning\u00fan tipo de control sobre esas outras p\u00e1xinas web ou sobre o seu contido. De feito esas p\u00e1xinas web rexeranse polos seus propios termos e condici\u00f3ns. Lentes Diverxentes non ten ning\u00fan tipo de vinculaci\u00f3n ou asociaci\u00f3n con esas terceiras p\u00e1xinas web, nin asume ning\u00fan tipo de responsabilidade, nin garante a s\u00faa dispo\u00f1ibilidade t\u00e9cnica, calidade, fiabilidade, exactitude ou veracidade.<\/p>\n<p>No <em>portfolio<\/em> de Lentes Diverxentes poder\u00e1s atopar un enlace \u00e1 p\u00e1xina web dun dos nosos proxectos: <a href=\"http:\/\/www.angroisnoesquecemento.com\">www.angroisnoesquecemento.com<\/a>. Esta p\u00e1xina web \u00e9 tam\u00e9n titularidade de Lentes Diverxentes e r\u00e9xese polos mesmos termos e condici\u00f3ns.<\/p>\n<h2>4.- Propiedade intelectual e industrial<\/h2>\n<p>Lentes Diverxentes \u00e9 a propietaria ou licenciataria de todos os dereitos de propiedade intelectual e industrial do seu sitio web, as\u00ed coma dos elementos contidos nela.<\/p>\n<p>Polo tanto, est\u00e1 expresamente prohibida a reproduci\u00f3n, distribuci\u00f3n, comunicaci\u00f3n p\u00fablica e transformaci\u00f3n de todo ou parte dos contidos deste sitio web, con fins comerciais, en calquera medio e por calquera medio t\u00e9cnico, sen a autorizaci\u00f3n de Lentes Diverxentes.<\/p>\n<p>En calquera caso, os contidos da web (e do futuro blog) est\u00e1n suxeito a unha licencia <a href=\"https:\/\/creativecommons.org\/licenses\/by-nc-nd\/3.0\/deed.gl\">Atribuci\u00f3n-Non comercial-Sen obra derivada 3.0 Sen adaptar (CC BY-NC-ND 3.0)<\/a><\/p>\n<h2>5.- Protecci\u00f3n de datos<\/h2>\n<p>Lentes Diverxentes cumpre coas diretrices da Lei Org\u00e1nica 15\/1999, de 13 de decembro, de Protecci\u00f3n de Datos de Car\u00e1cter Persoal e so seus regramentos de aplicaci\u00f3n.<\/p>\n<p>Neste sentido, garante o uso e o tratamento correctos dos datos persoais recollidos polo usuario, principalmente a trav\u00e9s de correos electr\u00f3nicos de contacto e datos recollidos automaticamente, coma a IP desde a que accedes ao servizo. Estes datos s\u00f3 se procesan con fins de control estat\u00edstico, suministro do servicio solicitado e resposta \u00e1s consultas realizadas.<\/p>\n<p>O usuario pode exercitar os seus dereitos de acceso, rectificaci\u00f3n, cancelaci\u00f3n e oposici\u00f3n (ARCO) aos seus datos persoais por correo postal en: R\u00faa Monte dos Postes 10, 4\u00baD, CP 15703, Santiago de Compostela (A Coru\u00f1a &#8211; Espa\u00f1a) ou ben por correo electr\u00f3nico a lentes.diverxentes@gmail.com.<\/p>\n<p>Para iso debe indicar nome, apelidos, e achegar ademais unha copia do seu documento de identidade.<\/p>\n<p><a href=\"http:\/\/www.agpd.es\/portalwebAGPD\/CanalDelCiudadano\/derechos\/principales_derchos\/index-ides-idphp.php\">Aqu\u00ed podes atopar alg\u00fans modelos para facelo.<\/a><\/p>\n<h2>6.- Responsabilidade<\/h2>\n<p>Na medida permitida pola lei, Lentes Diverxentes non ser\u00e1 responsable de:<\/p>\n<p>a) erros ou omisi\u00f3ns nos contidos<\/p>\n<p>b) falta de dispo\u00f1ibilidade da web<\/p>\n<p>c) a transmisi\u00f3n de programas maliciosos nos contidos, a pesares de ter adoptado todas as medidas tecnol\u00f3xicas necesarias para evitalo.<\/p>\n<h2>7.- Cookies<\/h2>\n<p>Unha cookie \u00e9 un arquivo de texto que se env\u00eda ao navegador web do teu dispositivo (ordenador portatil ou de sobremesa, m\u00f3bil ou tablet, SmartTV, &#8230;) e que se emprega para almacenar e recuperar informaci\u00f3n sobre a navegaci\u00f3n realizada.<\/p>\n<p>Se queres saber que tipo de <em>cookies<\/em> empregamos e como desactivalas por favor visita a nosa <a href=\"http:\/\/lentesdiverxentes.com\/index.php\/politica-de-cookies\/\">pol\u00edtica de <em>cookies<\/em><\/a>.<\/p>\n<h2>8.- Modificaci\u00f3ns<\/h2>\n<p>Lentes Diverxentes res\u00e9rvase o dereito de facer calquera modificaci\u00f3n que considere apropiada no seu sitio web sen previo aviso, podendo cambiar, borrar ou agregar tanto os contidos e servizos proporcionados a trav\u00e9s del como a forma en que aparecen presentados.<\/p>\n<p>Non obstante ao anterior, estes termos e condici\u00f3ns poden cambiar en calquera momento. As modificaci\u00f3ns entrar\u00e1n en vigor desde o momento da s\u00faa publicaci\u00f3n.<\/p>\n<p>Este documento foi revisado por \u00faltima vez o d\u00eda 17 de maio de 2018.<\/p>\n<\/div><\/div><\/div><\/section><section  class=\"content-section full-width with-col cover custom-padding no-margin    content-section-69eb3492c699e\"><div class=\"row vc_row-fluid\"><div class=\"wpb_column col-md-12\"><div  class=\"small-item-carousel black owl-carousel mb-0 animate-init\" data-anim-type=\"fade-in-right-large\" data-anim-delay=\"100\"><\/div><\/div><\/div><\/section>\n","protected":false},"excerpt":{"rendered":"Pol\u00edtica de privacidade e condici\u00f3ns de uso de www.lentesdiverxentes.com Resumo Esta web pertence a : Asociaci\u00f3n Audiovisual Lentes Diverxentes. Propiedade intelectual: Asociaci\u00f3n Audiovisual Lentes Diverxentes. Datos recompilados: Os xerados pola navegaci\u00f3n na web e as consultas feitas a trav\u00e9s do seu formulario. Contacto: lentes.diverxentes@gmail.com 1.- Titularidade Esta web pertence a Asociaci\u00f3n Audiovisual Lentes Diverxentes (no","protected":false},"author":1,"featured_media":0,"parent":0,"menu_order":0,"comment_status":"open","ping_status":"open","template":"","meta":{"footnotes":""},"class_list":["post-3279","page","type-page","status-publish","hentry"],"_links":{"self":[{"href":"http:\/\/lentesdiverxentes.com\/index.php\/wp-json\/wp\/v2\/pages\/3279","targetHints":{"allow":["GET"]}}],"collection":[{"href":"http:\/\/lentesdiverxentes.com\/index.php\/wp-json\/wp\/v2\/pages"}],"about":[{"href":"http:\/\/lentesdiverxentes.com\/index.php\/wp-json\/wp\/v2\/types\/page"}],"author":[{"embeddable":true,"href":"http:\/\/lentesdiverxentes.com\/index.php\/wp-json\/wp\/v2\/users\/1"}],"replies":[{"embeddable":true,"href":"http:\/\/lentesdiverxentes.com\/index.php\/wp-json\/wp\/v2\/comments?post=3279"}],"version-history":[{"count":7,"href":"http:\/\/lentesdiverxentes.com\/index.php\/wp-json\/wp\/v2\/pages\/3279\/revisions"}],"predecessor-version":[{"id":3311,"href":"http:\/\/lentesdiverxentes.com\/index.php\/wp-json\/wp\/v2\/pages\/3279\/revisions\/3311"}],"wp:attachment":[{"href":"http:\/\/lentesdiverxentes.com\/index.php\/wp-json\/wp\/v2\/media?parent=3279"}],"curies":[{"name":"wp","href":"https:\/\/api.w.org\/{rel}","templated":true}]}}